{"id":239,"date":"2020-06-14T11:02:34","date_gmt":"2020-06-14T09:02:34","guid":{"rendered":"http:\/\/tw-developments.com\/?page_id=239"},"modified":"2021-02-09T10:43:13","modified_gmt":"2021-02-09T09:43:13","slug":"sluzby","status":"publish","type":"page","link":"https:\/\/tw-developments.com\/cs\/sluzby\/","title":{"rendered":"Slu\u017eby"},"content":{"rendered":"\n  <div class=\"banner has-hover has-parallax\" id=\"banner-1954997079\">\n          <div class=\"banner-inner fill\">\n        <div class=\"banner-bg fill\" data-parallax=\"-5\" data-parallax-container=\".banner\" data-parallax-background>\n            <div class=\"bg fill bg-fill \"><\/div>\n                        <div class=\"overlay\"><\/div>            \n                    <\/div>\n        <div class=\"banner-layers container\">\n            <div class=\"fill banner-link\"><\/div>            \n\n   <div id=\"text-box-1013089528\" class=\"text-box banner-layer x50 md-x5 lg-x5 y75 md-y85 lg-y85 res-text\">\n                                <div class=\"text-box-content text dark\">\n              \n              <div class=\"text-inner text-left\">\n                  \n\n\t<div id=\"text-2068215101\" class=\"text header-text\">\n\t\t\n\n<h1 class><strong>Slu\u017eby<\/strong><\/h1>\n<p>Nab\u00edz\u00edme \u0161irokou \u0161k\u00e1lu specializovan\u00fdch slu\u017eeb od investic do nemovitost\u00ed a jejich development, v\u00fdstavbu a projektov\u00fd management.<\/p>\n\t\t\t<\/div>\n\t\n<a href=\"https:\/\/tw-developments.com\/reference\/\" target=\"_self\" class=\"button white sk-arrowed-button hidden\"  >\n    <span>Reference<\/span>\n  <\/a>\n\n\n\n              <\/div>\n           <\/div>\n                            \n<style>\n#text-box-1013089528 {\n  width: 90%;\n}\n#text-box-1013089528 .text-box-content {\n  font-size: 161%;\n}\n@media (min-width:550px) {\n  #text-box-1013089528 {\n    width: 40%;\n  }\n  #text-box-1013089528 .text-box-content {\n    font-size: 100%;\n  }\n}\n<\/style>\n    <\/div>\n \n\n        <\/div>\n      <\/div>\n\n            \n<style>\n#banner-1954997079 {\n  padding-top: 500px;\n}\n#banner-1954997079 .bg.bg-loaded {\n  background-image: url(https:\/\/tw-developments.com\/wp-content\/uploads\/2021\/01\/Architecture-2-scaled.jpg);\n}\n#banner-1954997079 .overlay {\n  background-color: rgba(13, 28, 87, 0.5);\n}\n#banner-1954997079 .bg {\n  background-position: 49% 0%;\n}\n<\/style>\n  <\/div>\n\n\n\t<section class=\"section sk-bg-kontakt hide-for-small\" id=\"section_609584800\">\n\t\t<div class=\"bg section-bg fill bg-fill  bg-loaded\" >\n\n\t\t\t\n\t\t\t\n\t\t\t\n\n\t\t<\/div>\n\n\t\t<div class=\"section-content relative\">\n\t\t\t\n\n<div class=\"row align-middle\"  id=\"row-1045228196\">\n\n\n\t<div id=\"col-854919441\" class=\"col medium-9 small-12 large-12 medium-col-first\"  data-animate=\"fadeInLeft\">\n\t\t\t\t<div class=\"col-inner text-left\"  >\n\t\t\t\n\t\t\t\n\n\t<div id=\"text-3996378312\" class=\"text headline-serif\">\n\t\t\n\n<h2>Investice<\/h2>\n\t\t\n<style>\n#text-3996378312 {\n  font-size: 2.5rem;\n  text-align: left;\n}\n<\/style>\n\t<\/div>\n\t\n\t<div id=\"text-2315138005\" class=\"text\">\n\t\t\n\n<p>Neust\u00e1le vyhled\u00e1v\u00e1me nov\u00e9 investi\u010dn\u00ed p\u0159\u00edle\u017eitosti, zejm\u00e9na akvizice bytov\u00fdch dom\u016f, komer\u010dn\u00edch nemovitost\u00ed a pozemk\u016f ur\u010den\u00fdch k v\u00fdstavb\u011b.<\/p>\n<p>Zam\u011b\u0159ujeme se na \u201eadd value\u201c investi\u010dn\u00ed p\u0159\u00edle\u017eitosti. Investujeme vlastn\u00ed prost\u0159edky, v n\u011bkter\u00fdch p\u0159\u00edpadech spolupracujeme s dal\u0161\u00edmi investory.<\/p>\n\t\t\n<style>\n#text-2315138005 {\n  text-align: left;\n}\n<\/style>\n\t<\/div>\n\t\n\n\t\t<\/div>\n\t\t\t\t\t<\/div>\n\n\t\n\n\n<style>\n#row-1045228196 > .col > .col-inner {\n  padding: 30px 0px 30px 0px;\n}\n<\/style>\n<\/div>\n<div class=\"row align-middle\"  id=\"row-152563896\">\n\n\n\t<div id=\"col-1315113811\" class=\"col medium-12 small-12 large-8\"  data-animate=\"fadeInRight\">\n\t\t\t\t<div class=\"col-inner text-left\"  >\n\t\t\t\n\t\t\t\n\n\t<div id=\"text-1110118972\" class=\"text headline-serif\">\n\t\t\n\n<h2>Development<\/h2>\n\t\t\n<style>\n#text-1110118972 {\n  font-size: 2.5rem;\n  text-align: left;\n}\n<\/style>\n\t<\/div>\n\t\n\t<div id=\"text-180798416\" class=\"text\">\n\t\t\n\n<p>Zab\u00fdv\u00e1me se v\u0161emi typy nemovitost\u00ed: komer\u010dn\u00ed, pr\u016fmyslov\u00e9, maloobchodn\u00ed, mixed use a strategick\u00e9 pozemkov\u00e9 projekty.<\/p>\n<p>Poskytujeme komplexn\u00ed slu\u017eby nutn\u00e9 pro realizaci projektu od v\u00fdb\u011bru vhodn\u00e9ho pozemku \u010di n\u00e1kupu nemovitosti, n\u00e1vrhu struktury financov\u00e1n\u00ed, koordinaci projektov\u00fdch prac\u00ed, povolovac\u00ed \u0159\u00edzen\u00ed a realizaci stavby.<\/p>\n<p>Na\u0161e sestersk\u00e1 spole\u010dnost je gener\u00e1ln\u00edm dodavatelem na\u0161ich staveb.<\/p>\n\t\t\n<style>\n#text-180798416 {\n  text-align: left;\n}\n<\/style>\n\t<\/div>\n\t\n\n\t\t<\/div>\n\t\t\t\t\t<\/div>\n\n\t\n\n\n<style>\n#row-152563896 > .col > .col-inner {\n  padding: 30px 0px 30px 0px;\n}\n<\/style>\n<\/div>\n\n\n\t\t<\/div>\n\n\t\t\n<style>\n#section_609584800 {\n  padding-top: 30px;\n  padding-bottom: 30px;\n}\n<\/style>\n\t<\/section>\n\t\n\t<section class=\"section sk-bg-left hide-for-small\" id=\"section_1314681014\">\n\t\t<div class=\"bg section-bg fill bg-fill  bg-loaded\" >\n\n\t\t\t\n\t\t\t\n\t\t\t\n\n\t\t<\/div>\n\n\t\t<div class=\"section-content relative\">\n\t\t\t\n\n<div class=\"row align-middle align-right\"  id=\"row-1955291368\">\n\n\n\t<div id=\"col-1900301098\" class=\"col medium-9 small-12 large-11 medium-col-first\"  data-animate=\"fadeInLeft\">\n\t\t\t\t<div class=\"col-inner text-right\"  >\n\t\t\t\n\t\t\t\n\n\t<div id=\"text-2710031796\" class=\"text headline-serif\">\n\t\t\n\n<h2>Projektov\u00fd management<\/h2>\n\t\t\n<style>\n#text-2710031796 {\n  font-size: 2.5rem;\n  text-align: left;\n}\n<\/style>\n\t<\/div>\n\t\n\t<div id=\"text-1435044641\" class=\"text\">\n\t\t\n\n<p>Pracujeme pro investory, developery, vlastn\u00edky jednotek a n\u00e1jemce, \u0159\u00edd\u00edme stavbu, rekonstrukce nebo fit-out nemovitost\u00ed ve v\u0161ech sektorech.<\/p>\n<p>M\u00e1me pot\u0159ebn\u00e9 znalosti k \u0159e\u0161en\u00ed v\u0161ech technick\u00fdch a stavebn\u00edch ot\u00e1zek. Odhal\u00edme skute\u010dn\u00fd stav nemovitost\u00ed a jejich v\u00fdhody, po\u010d\u00ednaje posuzov\u00e1n\u00edm stavby, odhadem n\u00e1klad\u016f na opravy vad a investi\u010dn\u00edm rozpo\u010dtem na potenci\u00e1ln\u00ed budouc\u00ed renovace.<\/p>\n<p>U jak\u00e9hokoli projektu na\u0161i odborn\u00edci dok\u00e1\u017eou pokr\u00fdt cel\u00fd proces od strategick\u00e9ho pl\u00e1nov\u00e1n\u00ed a\u017e po p\u0159ed\u00e1n\u00ed projektu.<\/p>\n\t\t\n<style>\n#text-1435044641 {\n  text-align: left;\n}\n<\/style>\n\t<\/div>\n\t\n\n\t\t<\/div>\n\t\t\t\t\t<\/div>\n\n\t\n\n\n<style>\n#row-1955291368 > .col > .col-inner {\n  padding: 30px 0px 30px 0px;\n}\n<\/style>\n<\/div>\n\n<div class=\"row align-middle align-right\"  id=\"row-1536292787\">\n\n\n\t<div id=\"col-1759288186\" class=\"col medium-9 small-12 large-9 medium-col-first\"  data-animate=\"fadeInRight\">\n\t\t\t\t<div class=\"col-inner text-left\"  >\n\t\t\t\n\t\t\t\n\n\t<div id=\"text-719915647\" class=\"text headline-serif\">\n\t\t\n\n<h2>Realitn\u00ed slu\u017eby<\/h2>\n\t\t\n<style>\n#text-719915647 {\n  font-size: 2.5rem;\n  text-align: left;\n}\n<\/style>\n\t<\/div>\n\t\n\t<div id=\"text-1260058876\" class=\"text\">\n\t\t\n\n<p>Poskytujeme tak\u00e9 kompletn\u00ed servis p\u0159i prodeji, n\u00e1kupu a pron\u00e1jmu komer\u010dn\u00edch a reziden\u010dn\u00edch nemovitost\u00ed.<\/p>\n\t\t\n<style>\n#text-1260058876 {\n  text-align: left;\n}\n<\/style>\n\t<\/div>\n\t\n\n\t\t<\/div>\n\t\t\t\t\t<\/div>\n\n\t\n\n\n<style>\n#row-1536292787 > .col > .col-inner {\n  padding: 30px 0px 30px 0px;\n}\n<\/style>\n<\/div>\n\n\n\t\t<\/div>\n\n\t\t\n<style>\n#section_1314681014 {\n  padding-top: 30px;\n  padding-bottom: 30px;\n}\n<\/style>\n\t<\/section>\n\t\n\t<section class=\"section show-for-small\" id=\"section_306441296\">\n\t\t<div class=\"bg section-bg fill bg-fill  bg-loaded\" >\n\n\t\t\t\n\t\t\t\n\t\t\t\n\n\t\t<\/div>\n\n\t\t<div class=\"section-content relative\">\n\t\t\t\n\n<div class=\"row align-middle align-center\"  id=\"row-443168571\">\n\n\n\t<div id=\"col-1101385860\" class=\"col medium-9 small-12 large-12 medium-col-first\"  >\n\t\t\t\t<div class=\"col-inner text-center\"  >\n\t\t\t\n\t\t\t\n\n\t<div id=\"text-1438010632\" class=\"text headline-serif\">\n\t\t\n\n<h2>Investice<\/h2>\n\t\t\n<style>\n#text-1438010632 {\n  font-size: 1.75rem;\n  text-align: center;\n}\n@media (min-width:550px) {\n  #text-1438010632 {\n    font-size: 2.5rem;\n    text-align: left;\n  }\n}\n<\/style>\n\t<\/div>\n\t\n\t<div id=\"text-168596634\" class=\"text\">\n\t\t\n\n<p>Neust\u00e1le vyhled\u00e1v\u00e1me nov\u00e9 investi\u010dn\u00ed p\u0159\u00edle\u017eitosti, zejm\u00e9na akvizice bytov\u00fdch dom\u016f, komer\u010dn\u00edch nemovitost\u00ed a pozemk\u016f ur\u010den\u00fdch k v\u00fdstavb\u011b.<\/p>\n<p>Zam\u011b\u0159ujeme se na \u201eadd value\u201c investi\u010dn\u00ed p\u0159\u00edle\u017eitosti. Investujeme vlastn\u00ed prost\u0159edky, v n\u011bkter\u00fdch p\u0159\u00edpadech spolupracujeme s dal\u0161\u00edmi investory.<\/p>\n\t\t\n<style>\n#text-168596634 {\n  text-align: center;\n}\n@media (min-width:550px) {\n  #text-168596634 {\n    text-align: left;\n  }\n}\n<\/style>\n\t<\/div>\n\t\n\n\t\t<\/div>\n\t\t\t\t\t<\/div>\n\n\t\n\n\n<style>\n#row-443168571 > .col > .col-inner {\n  padding: 0px 0px 0px 0px;\n}\n@media (min-width:550px) {\n  #row-443168571 > .col > .col-inner {\n    padding: 30px 0px 30px 0px;\n  }\n}\n<\/style>\n<\/div>\n<div class=\"row align-middle align-center\"  id=\"row-864399293\">\n\n\n\t<div id=\"col-2057506024\" class=\"col medium-12 small-12 large-8\"  >\n\t\t\t\t<div class=\"col-inner text-center\"  >\n\t\t\t\n\t\t\t\n\n\t<div id=\"text-3995124825\" class=\"text headline-serif\">\n\t\t\n\n<h2>Development<\/h2>\n\t\t\n<style>\n#text-3995124825 {\n  font-size: 1.75rem;\n  text-align: center;\n}\n@media (min-width:550px) {\n  #text-3995124825 {\n    font-size: 2.5rem;\n    text-align: left;\n  }\n}\n<\/style>\n\t<\/div>\n\t\n\t<div id=\"text-317756433\" class=\"text\">\n\t\t\n\n<p>Zab\u00fdv\u00e1me se v\u0161emi typy nemovitost\u00ed: komer\u010dn\u00ed, pr\u016fmyslov\u00e9, maloobchodn\u00ed, mixed use a strategick\u00e9 pozemkov\u00e9 projekty.<\/p>\n<p>Poskytujeme komplexn\u00ed slu\u017eby nutn\u00e9 pro realizaci projektu od v\u00fdb\u011bru vhodn\u00e9ho pozemku \u010di n\u00e1kupu nemovitosti, n\u00e1vrhu struktury financov\u00e1n\u00ed, koordinaci projektov\u00fdch prac\u00ed, povolovac\u00ed \u0159\u00edzen\u00ed a realizaci stavby.<\/p>\n<p>Na\u0161e sestersk\u00e1 spole\u010dnost je gener\u00e1ln\u00edm dodavatelem na\u0161ich staveb.<\/p>\n\t\t\n<style>\n#text-317756433 {\n  text-align: center;\n}\n@media (min-width:550px) {\n  #text-317756433 {\n    text-align: left;\n  }\n}\n<\/style>\n\t<\/div>\n\t\n\n\t\t<\/div>\n\t\t\t\t\t<\/div>\n\n\t\n\n\n<style>\n#row-864399293 > .col > .col-inner {\n  padding: 0px 0px 0px 0px;\n}\n@media (min-width:550px) {\n  #row-864399293 > .col > .col-inner {\n    padding: 30px 0px 30px 0px;\n  }\n}\n<\/style>\n<\/div>\n<div class=\"row align-middle align-center\"  id=\"row-1451840323\">\n\n\n\t<div id=\"col-938370801\" class=\"col medium-9 small-12 large-11 medium-col-first\"  >\n\t\t\t\t<div class=\"col-inner text-center\"  >\n\t\t\t\n\t\t\t\n\n\t<div id=\"text-2389409450\" class=\"text headline-serif\">\n\t\t\n\n<h2>Projektov\u00fd management<\/h2>\n\t\t\n<style>\n#text-2389409450 {\n  font-size: 1.75rem;\n  text-align: center;\n}\n@media (min-width:550px) {\n  #text-2389409450 {\n    font-size: 2.5rem;\n    text-align: left;\n  }\n}\n<\/style>\n\t<\/div>\n\t\n\t<div id=\"text-4147837790\" class=\"text\">\n\t\t\n\n<p>Pracujeme pro investory, developery, vlastn\u00edky jednotek a n\u00e1jemce, \u0159\u00edd\u00edme stavbu, rekonstrukce nebo fit-out nemovitost\u00ed ve v\u0161ech sektorech.<\/p>\n<p>M\u00e1me pot\u0159ebn\u00e9 znalosti k \u0159e\u0161en\u00ed v\u0161ech technick\u00fdch a stavebn\u00edch ot\u00e1zek. Odhal\u00edme skute\u010dn\u00fd stav nemovitost\u00ed a jejich v\u00fdhody, po\u010d\u00ednaje posuzov\u00e1n\u00edm stavby, odhadem n\u00e1klad\u016f na opravy vad a investi\u010dn\u00edm rozpo\u010dtem na potenci\u00e1ln\u00ed budouc\u00ed renovace.<\/p>\n<p>U jak\u00e9hokoli projektu na\u0161i odborn\u00edci dok\u00e1\u017eou pokr\u00fdt cel\u00fd proces od strategick\u00e9ho pl\u00e1nov\u00e1n\u00ed a\u017e po p\u0159ed\u00e1n\u00ed projektu.<\/p>\n\t\t\n<style>\n#text-4147837790 {\n  text-align: center;\n}\n@media (min-width:550px) {\n  #text-4147837790 {\n    text-align: left;\n  }\n}\n<\/style>\n\t<\/div>\n\t\n\n\t\t<\/div>\n\t\t\t\t\t<\/div>\n\n\t\n\n\n<style>\n#row-1451840323 > .col > .col-inner {\n  padding: 0px 0px 0px 0px;\n}\n@media (min-width:550px) {\n  #row-1451840323 > .col > .col-inner {\n    padding: 30px 0px 30px 0px;\n  }\n}\n<\/style>\n<\/div>\n<div class=\"row align-middle align-center\"  id=\"row-1403145966\">\n\n\n\t<div id=\"col-1100883013\" class=\"col medium-9 small-12 large-9 medium-col-first\"  >\n\t\t\t\t<div class=\"col-inner text-center\"  >\n\t\t\t\n\t\t\t\n\n\t<div id=\"text-606701212\" class=\"text headline-serif\">\n\t\t\n\n<h2>Realitn\u00ed slu\u017eby<\/h2>\n\t\t\n<style>\n#text-606701212 {\n  font-size: 1.75rem;\n  text-align: center;\n}\n@media (min-width:550px) {\n  #text-606701212 {\n    font-size: 2.5rem;\n    text-align: left;\n  }\n}\n<\/style>\n\t<\/div>\n\t\n\t<div id=\"text-1855793665\" class=\"text\">\n\t\t\n\n<p>Poskytujeme tak\u00e9 kompletn\u00ed servis p\u0159i prodeji, n\u00e1kupu a pron\u00e1jmu komer\u010dn\u00edch a reziden\u010dn\u00edch nemovitost\u00ed.<\/p>\n\t\t\n<style>\n#text-1855793665 {\n  text-align: center;\n}\n@media (min-width:550px) {\n  #text-1855793665 {\n    text-align: left;\n  }\n}\n<\/style>\n\t<\/div>\n\t\n\n\t\t<\/div>\n\t\t\t\t\t<\/div>\n\n\t\n\n\n<style>\n#row-1403145966 > .col > .col-inner {\n  padding: 0px 0px 0px 0px;\n}\n@media (min-width:550px) {\n  #row-1403145966 > .col > .col-inner {\n    padding: 30px 0px 30px 0px;\n  }\n}\n<\/style>\n<\/div>\n\n\n\t\t<\/div>\n\n\t\t\n<style>\n#section_306441296 {\n  padding-top: 30px;\n  padding-bottom: 30px;\n}\n<\/style>\n\t<\/section>\n\t\n","protected":false},"excerpt":{"rendered":"","protected":false},"author":1,"featured_media":0,"parent":0,"menu_order":0,"comment_status":"closed","ping_status":"closed","template":"page-transparent-header-light.php","meta":{"inline_featured_image":false,"footnotes":""},"class_list":["post-239","page","type-page","status-publish","hentry"],"yoast_head":"<!-- This site is optimized with the Yoast SEO plugin v24.7 - https:\/\/yoast.com\/wordpress\/plugins\/seo\/ -->\n<title>Slu\u017eby - TW Developments<\/title>\n<meta name=\"robots\" content=\"index, follow, max-snippet:-1, max-image-preview:large, max-video-preview:-1\" \/>\n<link rel=\"canonical\" href=\"https:\/\/tw-developments.com\/cs\/sluzby\/\" \/>\n<meta property=\"og:locale\" content=\"cs_CZ\" \/>\n<meta property=\"og:type\" content=\"article\" \/>\n<meta property=\"og:title\" content=\"Slu\u017eby - TW Developments\" \/>\n<meta property=\"og:url\" content=\"https:\/\/tw-developments.com\/cs\/sluzby\/\" \/>\n<meta property=\"og:site_name\" content=\"TW Developments\" \/>\n<meta property=\"article:modified_time\" content=\"2021-02-09T09:43:13+00:00\" \/>\n<meta name=\"twitter:card\" content=\"summary_large_image\" \/>\n<meta name=\"twitter:label1\" content=\"Odhadovan\u00e1 doba \u010dten\u00ed\" \/>\n\t<meta name=\"twitter:data1\" content=\"8 minut\" \/>\n<script type=\"application\/ld+json\" class=\"yoast-schema-graph\">{\"@context\":\"https:\/\/schema.org\",\"@graph\":[{\"@type\":\"WebPage\",\"@id\":\"https:\/\/tw-developments.com\/cs\/sluzby\/\",\"url\":\"https:\/\/tw-developments.com\/cs\/sluzby\/\",\"name\":\"Slu\u017eby - TW Developments\",\"isPartOf\":{\"@id\":\"https:\/\/tw-developments.com\/cs\/#website\"},\"datePublished\":\"2020-06-14T09:02:34+00:00\",\"dateModified\":\"2021-02-09T09:43:13+00:00\",\"breadcrumb\":{\"@id\":\"https:\/\/tw-developments.com\/cs\/sluzby\/#breadcrumb\"},\"inLanguage\":\"cs\",\"potentialAction\":[{\"@type\":\"ReadAction\",\"target\":[\"https:\/\/tw-developments.com\/cs\/sluzby\/\"]}]},{\"@type\":\"BreadcrumbList\",\"@id\":\"https:\/\/tw-developments.com\/cs\/sluzby\/#breadcrumb\",\"itemListElement\":[{\"@type\":\"ListItem\",\"position\":1,\"name\":\"Home\",\"item\":\"https:\/\/tw-developments.com\/cs\/\"},{\"@type\":\"ListItem\",\"position\":2,\"name\":\"Slu\u017eby\"}]},{\"@type\":\"WebSite\",\"@id\":\"https:\/\/tw-developments.com\/cs\/#website\",\"url\":\"https:\/\/tw-developments.com\/cs\/\",\"name\":\"TW Developments\",\"description\":\"\",\"potentialAction\":[{\"@type\":\"SearchAction\",\"target\":{\"@type\":\"EntryPoint\",\"urlTemplate\":\"https:\/\/tw-developments.com\/cs\/?s={search_term_string}\"},\"query-input\":{\"@type\":\"PropertyValueSpecification\",\"valueRequired\":true,\"valueName\":\"search_term_string\"}}],\"inLanguage\":\"cs\"}]}<\/script>\n<!-- \/ Yoast SEO plugin. -->","yoast_head_json":{"title":"Slu\u017eby - TW Developments","robots":{"index":"index","follow":"follow","max-snippet":"max-snippet:-1","max-image-preview":"max-image-preview:large","max-video-preview":"max-video-preview:-1"},"canonical":"https:\/\/tw-developments.com\/cs\/sluzby\/","og_locale":"cs_CZ","og_type":"article","og_title":"Slu\u017eby - TW Developments","og_url":"https:\/\/tw-developments.com\/cs\/sluzby\/","og_site_name":"TW Developments","article_modified_time":"2021-02-09T09:43:13+00:00","twitter_card":"summary_large_image","twitter_misc":{"Odhadovan\u00e1 doba \u010dten\u00ed":"8 minut"},"schema":{"@context":"https:\/\/schema.org","@graph":[{"@type":"WebPage","@id":"https:\/\/tw-developments.com\/cs\/sluzby\/","url":"https:\/\/tw-developments.com\/cs\/sluzby\/","name":"Slu\u017eby - TW Developments","isPartOf":{"@id":"https:\/\/tw-developments.com\/cs\/#website"},"datePublished":"2020-06-14T09:02:34+00:00","dateModified":"2021-02-09T09:43:13+00:00","breadcrumb":{"@id":"https:\/\/tw-developments.com\/cs\/sluzby\/#breadcrumb"},"inLanguage":"cs","potentialAction":[{"@type":"ReadAction","target":["https:\/\/tw-developments.com\/cs\/sluzby\/"]}]},{"@type":"BreadcrumbList","@id":"https:\/\/tw-developments.com\/cs\/sluzby\/#breadcrumb","itemListElement":[{"@type":"ListItem","position":1,"name":"Home","item":"https:\/\/tw-developments.com\/cs\/"},{"@type":"ListItem","position":2,"name":"Slu\u017eby"}]},{"@type":"WebSite","@id":"https:\/\/tw-developments.com\/cs\/#website","url":"https:\/\/tw-developments.com\/cs\/","name":"TW Developments","description":"","potentialAction":[{"@type":"SearchAction","target":{"@type":"EntryPoint","urlTemplate":"https:\/\/tw-developments.com\/cs\/?s={search_term_string}"},"query-input":{"@type":"PropertyValueSpecification","valueRequired":true,"valueName":"search_term_string"}}],"inLanguage":"cs"}]}},"_links":{"self":[{"href":"https:\/\/tw-developments.com\/cs\/wp-json\/wp\/v2\/pages\/239","targetHints":{"allow":["GET"]}}],"collection":[{"href":"https:\/\/tw-developments.com\/cs\/wp-json\/wp\/v2\/pages"}],"about":[{"href":"https:\/\/tw-developments.com\/cs\/wp-json\/wp\/v2\/types\/page"}],"author":[{"embeddable":true,"href":"https:\/\/tw-developments.com\/cs\/wp-json\/wp\/v2\/users\/1"}],"replies":[{"embeddable":true,"href":"https:\/\/tw-developments.com\/cs\/wp-json\/wp\/v2\/comments?post=239"}],"version-history":[{"count":97,"href":"https:\/\/tw-developments.com\/cs\/wp-json\/wp\/v2\/pages\/239\/revisions"}],"predecessor-version":[{"id":4004,"href":"https:\/\/tw-developments.com\/cs\/wp-json\/wp\/v2\/pages\/239\/revisions\/4004"}],"wp:attachment":[{"href":"https:\/\/tw-developments.com\/cs\/wp-json\/wp\/v2\/media?parent=239"}],"curies":[{"name":"wp","href":"https:\/\/api.w.org\/{rel}","templated":true}]}}